{"id":171,"date":"2018-11-08T07:35:45","date_gmt":"2018-11-08T06:35:45","guid":{"rendered":"https:\/\/systemidee.de\/?page_id=171"},"modified":"2022-11-23T01:11:05","modified_gmt":"2022-11-23T00:11:05","slug":"dsb","status":"publish","type":"page","link":"https:\/\/systemidee.de\/?page_id=171","title":{"rendered":"Datenschutzbeauftragter"},"content":{"rendered":"<p>Sehr geehrte Besucher:Innen,<\/p>\n<p>Hier finden Sie Informationen \u00fcber unsere T\u00e4tigkeit als Datenschutzbeauftragter (DSB) und \u00fcber aktuelle Themen rund um den Datenschutz.<\/p>\n<p>Sollten Sie vorab Fragen zum Thema Datenschutz in Ihrem Unternehmen haben, bitten wir Sie uns Diese ausschlie\u00dflich per E-Mail zu stellen.<\/p>\n<p>Wir bedanken uns f\u00fcr Ihr Verst\u00e4ndnis.<\/p>\n","protected":false},"excerpt":{"rendered":"<p>Sehr geehrte Besucher:Innen, Hier finden Sie Informationen \u00fcber unsere T\u00e4tigkeit als Datenschutzbeauftragter (DSB) und \u00fcber aktuelle Themen rund um den Datenschutz. Sollten Sie vorab Fragen zum Thema Datenschutz in Ihrem Unternehmen haben, bitten wir Sie uns Diese ausschlie\u00dflich per E-Mail zu stellen. Wir bedanken uns f\u00fcr Ihr Verst\u00e4ndnis.<\/p>\n","protected":false},"author":1,"featured_media":0,"parent":0,"menu_order":0,"comment_status":"closed","ping_status":"closed","template":"","meta":{"footnotes":""},"class_list":["post-171","page","type-page","status-publish","hentry"],"_links":{"self":[{"href":"https:\/\/systemidee.de\/index.php?rest_route=\/wp\/v2\/pages\/171"}],"collection":[{"href":"https:\/\/systemidee.de\/index.php?rest_route=\/wp\/v2\/pages"}],"about":[{"href":"https:\/\/systemidee.de\/index.php?rest_route=\/wp\/v2\/types\/page"}],"author":[{"embeddable":true,"href":"https:\/\/systemidee.de\/index.php?rest_route=\/wp\/v2\/users\/1"}],"replies":[{"embeddable":true,"href":"https:\/\/systemidee.de\/index.php?rest_route=%2Fwp%2Fv2%2Fcomments&post=171"}],"version-history":[{"count":5,"href":"https:\/\/systemidee.de\/index.php?rest_route=\/wp\/v2\/pages\/171\/revisions"}],"predecessor-version":[{"id":378,"href":"https:\/\/systemidee.de\/index.php?rest_route=\/wp\/v2\/pages\/171\/revisions\/378"}],"wp:attachment":[{"href":"https:\/\/systemidee.de\/index.php?rest_route=%2Fwp%2Fv2%2Fmedia&parent=171"}],"curies":[{"name":"wp","href":"https:\/\/api.w.org\/{rel}","templated":true}]}}