{"id":20,"date":"2016-02-07T18:06:27","date_gmt":"2016-02-07T17:06:27","guid":{"rendered":"https:\/\/systemidee.de\/?page_id=20"},"modified":"2024-07-18T03:00:51","modified_gmt":"2024-07-18T01:00:51","slug":"telematik","status":"publish","type":"page","link":"https:\/\/systemidee.de\/?page_id=20","title":{"rendered":"Telematikinfrastruktur"},"content":{"rendered":"<p><strong>Die Telematikinfrastruktur ist da. <\/strong><\/p>\n<p>Wir, die Firma System IDEE, sind CGM-<a href=\"https:\/\/systemidee.de\/wp-content\/uploads\/2018\/06\/zDVO-Zertifikat.jpg\" target=\"_blank\" rel=\"noopener noreferrer\">zertifizierter<\/a> Dienstleister f\u00fcr die Anbindung von Arztpraxen\/Zahnarztpraxen an die Telematikinfrastruktur. Als f\u00fchrendes E-Health-Unternehmen ist die CGM seit vielen Jahren ma\u00dfgeblich an den Entwicklungen neuer E-Health-L\u00f6sungen und der Telematikinfrastruktur beteiligt.<\/p>\n<p>Ob es um den hochsicheren TI-Konnektor, die TI-Kartenterminals oder den sicheren Internetzugang geht \u2013 die CGM verf\u00fcgt \u00fcber alle notwendigen Komponenten. Seit November sind diese Komponenten vollumf\u00e4nglich von der Gematik zugelassen; tausende Praxen wurden seitdem bereits erfolgreich angebunden und arbeiten reibungslos in der TI.<\/p>\n<p>Mit uns an der Seite hat die CGM einen Partner, der nicht nur die TI-Komponenten anbinden kann, sondern auch auf tiefgreifendes Wissen \u00fcber Name AIS\/ZIS zur\u00fcckgreift und somit die Installation in Ihrer Praxis professionell und zeitsparend vornehmen kann.<br \/>\nErfahren Sie mehr \u00fcber die TI-Komponenten, die Anwendungen in der TI, Ihre F\u00f6rderung oder den Ablauf der Installation unter <a href=\"http:\/\/cgm.com\/wissensvorsprung\" target=\"_blank\" rel=\"noopener noreferrer\"><u>cgm.com\/wissensvorsprung<\/u><\/a>. Hier k\u00f6nnen Sie sich auch in den CGM-TI-Newsletter einschreiben und bleiben so immer up to date \u2013 z. B. hinsichtlich neuer Anwendungen und deren F\u00f6rderung.<\/p>\n<p>Sie m\u00f6chten schnell einen ersten Eindruck bekommen? Unser TI-Film erkl\u00e4rt punktgenau und kurzweilig die wichtigsten Fakten:<\/p>\n<p><a href=\"https:\/\/www.cgm.com\/de\/telematikinfrastruktur_de\/telematikinfrastruktur_film\/film.de.jsp\" target=\"_blank\" rel=\"noopener noreferrer\"><img loading=\"lazy\" decoding=\"async\" class=\"aligncenter wp-image-109 size-thumbnail\" src=\"https:\/\/systemidee.de\/wp-content\/uploads\/2018\/06\/Webbanner-TI-Film-l\u00e4ngs-09-17-V.1-150x90.png\" alt=\"Filmbanner\" width=\"150\" height=\"90\" \/><\/a><\/p>\n<p style=\"text-align: center;\"><strong>Wir bieten Ihnen alles aus einer Hand \u2013 und bringen Sie sicher in die Telematikinfrastruktur. <\/strong><strong>Sprechen Sie uns an!<\/strong><\/p>\n","protected":false},"excerpt":{"rendered":"<p>Die Telematikinfrastruktur ist da. Wir, die Firma System IDEE, sind CGM-zertifizierter Dienstleister f\u00fcr die Anbindung von Arztpraxen\/Zahnarztpraxen an die Telematikinfrastruktur. Als f\u00fchrendes E-Health-Unternehmen ist die CGM seit vielen Jahren ma\u00dfgeblich an den Entwicklungen neuer E-Health-L\u00f6sungen und der Telematikinfrastruktur beteiligt. Ob es um den hochsicheren TI-Konnektor, die TI-Kartenterminals oder den sicheren Internetzugang geht \u2013 die CGM&nbsp;&hellip;<\/p>\n","protected":false},"author":1,"featured_media":0,"parent":0,"menu_order":1,"comment_status":"closed","ping_status":"closed","template":"","meta":{"footnotes":""},"class_list":["post-20","page","type-page","status-publish","hentry"],"_links":{"self":[{"href":"https:\/\/systemidee.de\/index.php?rest_route=\/wp\/v2\/pages\/20"}],"collection":[{"href":"https:\/\/systemidee.de\/index.php?rest_route=\/wp\/v2\/pages"}],"about":[{"href":"https:\/\/systemidee.de\/index.php?rest_route=\/wp\/v2\/types\/page"}],"author":[{"embeddable":true,"href":"https:\/\/systemidee.de\/index.php?rest_route=\/wp\/v2\/users\/1"}],"replies":[{"embeddable":true,"href":"https:\/\/systemidee.de\/index.php?rest_route=%2Fwp%2Fv2%2Fcomments&post=20"}],"version-history":[{"count":48,"href":"https:\/\/systemidee.de\/index.php?rest_route=\/wp\/v2\/pages\/20\/revisions"}],"predecessor-version":[{"id":435,"href":"https:\/\/systemidee.de\/index.php?rest_route=\/wp\/v2\/pages\/20\/revisions\/435"}],"wp:attachment":[{"href":"https:\/\/systemidee.de\/index.php?rest_route=%2Fwp%2Fv2%2Fmedia&parent=20"}],"curies":[{"name":"wp","href":"https:\/\/api.w.org\/{rel}","templated":true}]}}