{"id":295,"date":"2020-07-02T13:18:19","date_gmt":"2020-07-02T11:18:19","guid":{"rendered":"https:\/\/systemidee.de\/?page_id=295"},"modified":"2024-07-18T02:57:33","modified_gmt":"2024-07-18T00:57:33","slug":"materialis","status":"publish","type":"page","link":"https:\/\/systemidee.de\/","title":{"rendered":"Front Page"},"content":{"rendered":"<!-- wp:extendstudio\/materialis--><div  id=\"features-2\" style=\"background-color: #ffffff;\" data-label=\"Features\" data-id=\"features-10-materialis\" data-export-id=\"features-10-materialis\" data-category=\"features\" class=\"features-10m content-section-spacing-large content-section\"><div  class=\"gridContainer\"> <div  class=\"row\"><div  class=\"section-title-col\" data-type=\"column\"> <h2  class=\"\">Unsere Dienstleistungen<\/h2> <p  class=\"\">Eine Auswahl unsere T\u00e4tigkeitsfelder:<\/p><\/div> <\/div> <div  class=\"row \"> <div  class=\"col-xs-12 col-md-10 col-md-offset-1\"> <div  class=\"row space-top spaced-cols content-center-sm center-sm\" data-type=\"row\" data-max-items=\"4\"> <div  class=\"col-xs-10 col-md-4 col-sm-6 col-sm-offset-0 col-xs-offset-1\"> <div  class=\"card no-radius mdc-elevation--z1 y-move bg-color-white padding-24 bordered\" data-type=\"column\"> <i  class=\"mdi icon color1 mdi-ambulance bordered round big\"><\/i> <h6  class=\"\">Notdienst<\/h6><\/div> <\/div> <div  class=\"col-xs-10 col-md-4 col-sm-6 col-sm-offset-0 col-xs-offset-1\"> <div  class=\"card no-radius mdc-elevation--z1 y-move bg-color-white padding-24 bordered\" data-type=\"column\"> <i  class=\"mdi icon color1 mdi-harddisk bordered round big\"><\/i> <h6  class=\"\">IT-Service<\/h6><\/div> <\/div><div  class=\"col-xs-10 col-md-4 col-sm-6 col-sm-offset-0 col-xs-offset-1\"> <div  class=\"card no-radius mdc-elevation--z1 y-move bg-color-white padding-24 bordered\" data-type=\"column\"> <i  class=\"mdi icon color1 mdi-account-settings-variant bordered round big\"><\/i> <h6  class=\"\">Reparaturen<\/h6><\/div> <\/div>  <div  class=\"col-xs-10 col-md-4 col-sm-6 col-sm-offset-0 col-xs-offset-1\"> <div  class=\"card no-radius mdc-elevation--z1 y-move bg-color-white padding-24 bordered\" data-type=\"column\"> <i  class=\"mdi icon color1 mdi-cart-plus bordered round big\"><\/i> <h6  class=\"\">EDV\u2013Rollout<\/h6><\/div> <\/div> <div  class=\"col-md-4 col-sm-6 col-sm-offset-0 col-xs-10 col-xs-offset-1\"> <div  class=\"card no-radius mdc-elevation--z1 y-move bg-color-white padding-24 bordered\" data-type=\"column\"> <i  class=\"mdi icon color1 mdi-format-section bordered round big\"><\/i> <h6  class=\"\">Datenschutzberatung<\/h6><\/div> <\/div> <div  class=\"col-md-4 col-sm-6 col-sm-offset-0 col-xs-10 col-xs-offset-1\"> <div  class=\"card no-radius mdc-elevation--z1 y-move bg-color-white padding-24 bordered\" data-type=\"column\"> <i  class=\"mdi icon color1 mdi-camera-timer bordered round big\"><\/i> <h6  class=\"\">Support<\/h6><\/div> <\/div><div  class=\"col-xs-10 col-md-4 col-sm-6 col-sm-offset-0 col-xs-offset-1\"> <div  class=\"card no-radius mdc-elevation--z1 y-move bg-color-white padding-24 bordered\" data-type=\"column\"> <i  class=\"mdi icon color1 mdi-security-network bordered round big\"><\/i> <h6  class=\"\">IT-Sicherheit<\/h6><\/div> <\/div><\/div> <\/div><\/div> <\/div><\/div><!-- \/wp:extendstudio\/materialis--><!-- wp:extendstudio\/materialis--><div  data-label=\"Portfolio\" data-id=\"portfolio--1\" data-export-id=\"portfolio-2-materialis\" data-category=\"portfolio\" class=\"portfolio-2-materialis content-section-spacing-large content-section bg-color-white\" id=\"portfolio-3\" style=\"background-image: none; background-color: rgb(255, 255, 255);\"><div  class=\"gridContainer\"> <div  class=\"row\"><div  class=\"section-title-col\" data-type=\"column\"> <h2  class=\"\">IT-Sicherheit<\/h2> <p  class=\"lead\">Als mehrfach zertifizierte Datenschutzbeauftrage unterst\u00fctzen wir Sie bei:<br >der Realisierung, der vom BSI empfohlenen Sicherheitsma\u00dfnahmen,\n<br >die Anforderungen nach \u00a7 75B SGB V zur Gew\u00e4hrleistung der IT-Sicherheit,<br >sowie die Umsetzung der DSGVO in Ihrem Unternehmen.<br >\nWir schulen auch Sie und Ihre Mitarbeiter:Innen.<\/p><\/div> <\/div> <div  class=\"row text-left spaced-cols center-sm\" data-type=\"row\" data-fixed=\"true\"> <div  class=\"col-md-4 col-sm-6 col-xs-12\"> <div  class=\"card mdc-elevation--z3 no-padding\" data-hover-fx=\"portfolio-1\"> <div  class=\"image\"> <img  decoding=\"async\" src=\"https:\/\/systemidee.de\/wp-content\/plugins\/materialis-companion\/theme-data\/materialis\/sections\/images\/image-1.png\" data-size=\"375x220\"><\/div> <div  class=\"text col-padding col-xs-12\"><h6  class=\"color4 font-400\">Wie steht es um Ihre IT-Sicherheit?<\/h6> <a class=\"h5 font-400\" href=\"#\" target=\"_self\" data-cp-link=\"1\" rel=\"noopener\">Wann d\u00fcrfen wir Sie beraten?<\/a><\/div> <\/div><\/div>      <\/div><\/div> <\/div><!-- \/wp:extendstudio\/materialis--><p ><!-- Enter your scripts here --><\/p><!-- wp:extendstudio\/materialis--><div  id=\"ueber-uns\" style=\"background-color: rgb(255, 255, 255); background-image: none;\" data-label=\"Ueber Uns\" data-id=\"content-7-materialis\" data-export-id=\"content-7-materialis\" data-category=\"content\" class=\"content-7m content-section-spacing-large content-section\"><div  class=\"gridContainer\"> <div  class=\"row middle-sm\"><div  class=\"col-md-6 col-xs-12 col-sm-6 col-padding-small-xs\"> <img  decoding=\"async\" class=\"mdc-elevation--z13 img-rounded\" src=\"https:\/\/systemidee.de\/wp-content\/plugins\/materialis-companion\/theme-data\/materialis\/sections\/images\/image-6.jpg\"><\/div> <div  class=\"col-md-5 col-md-offset-1 col-xs-12 col-sm-6 content-left-sm col-padding-small-xs\" data-type=\"column\"> <h3  class=\"space-bottom\">Wer steckt hinter System IDEE?<\/h3> <p  class=\"space-top\">Gegr\u00fcndet im Jahr 2006 als Einzelunternehmung,\n<br >konnten wir viel Erfahrungen im medizinischen Bereich sammeln.\n<br >\nProjektbezogen k\u00f6nnen wir Sie mit unseren Partnern optimal beraten und realisieren Ihr IT-Projekt.\n<br >\nWir sind sowohl f\u00fcr Gesch\u00e4ftskunden, als auch f\u00fcr Sie Privat t\u00e4tig.<br >Lassen Sie sich von uns beraten, welches Projekt wir f\u00fcr Sie umsetzten k\u00f6nnen.\n<br >Wir freuen auf Sie.<\/p> <\/div> <\/div><\/div> <\/div><!-- \/wp:extendstudio\/materialis--><!-- wp:extendstudio\/materialis--><div  data-label=\"Kundenmeinungen\" data-id=\"testimonials--1\" data-export-id=\"testimonials-3-materialis\" data-category=\"testimonials\" class=\"testimonials-3m content-section content-section-spacing\" id=\"kundenmeinungen-1\" style=\"background-color: rgb(245, 250, 253);\"><div  class=\"gridContainer\"> <div  class=\"row space-bottom-small\"><div  data-type=\"column\" class=\"section-title-col\"> <h2  class=\"\">Meinungen<\/h2> <p  class=\"lead\">Nehmen Sie nicht unser Wort daf\u00fcr \u2013 das sagen unsere Kunden:<\/p><\/div> <\/div> <div  class=\"row spaced-cols center-sm content-left-sm\" data-type=\"row\"> <div  class=\"col-xs-12 col-sm-6 col-md-3\"> <div  class=\"card mdc-elevation--z3 small-padding no-border\"> <div  class=\"row middle-xs f-align\"> <div  class=\"col-xs-fit col-sm-fit col-md-fit\" data-fixed=\"true\"> <img  decoding=\"async\" class=\"round image\" src=\"https:\/\/systemidee.de\/wp-content\/uploads\/2016\/02\/cropped-cropped-cropped-cropped-cropped-si-logo-3.png\"><\/div> <div  class=\"col-xs-fit col-sm-fit col-md-fit info no-padding-left\" data-type=\"column\"><h6  class=\"no-margin-bottom font-700\">B\u00e5rd Vilsvik<\/h6> <p  class=\"font-300\">Physio Blankenfelde<\/p><\/div> <\/div> <div  class=\"row space-bottom-small\"> <div  class=\"testimonial-body col-xs-12\" data-type=\"column\"> <p  class=\"\">Die Realisierung des Rollouts in unserer Praxis, funktionierte wie wir uns es vorgestellt haben.\n<br >\nWir haben immer einen Ansprechpartner.<\/p><\/div> <\/div><\/div> <\/div> <div  class=\"col-xs-12 col-sm-6 col-md-3\"> <div  class=\"card mdc-elevation--z3 small-padding no-border\"> <div  class=\"row middle-xs f-align\"> <div  class=\"col-xs-fit col-sm-fit col-md-fit\" data-fixed=\"true\"> <img  decoding=\"async\" class=\"round image\" src=\"https:\/\/systemidee.de\/wp-content\/uploads\/2016\/02\/cropped-cropped-cropped-cropped-si-logo-3.png\"><\/div> <div  class=\"col-xs-fit col-sm-fit col-md-fit info no-padding-left\" data-type=\"column\"><h6  class=\"no-margin-bottom font-700\">S. Wenk<\/h6> <p  class=\"font-300\">Zahnarzt<\/p><\/div> <\/div> <div  class=\"row space-bottom-small\"> <div  class=\"testimonial-body col-xs-12\" data-type=\"column\"> <p  class=\"\">Als Empfehlung einer Mitarbeiterin beauftragt, haben wir nun endlich mehr Zeit unsere Arbeit am Patienten zu erf\u00fcllen. Herr Siebert hat unsere IT immer unter Kontrolle.<\/p><\/div> <\/div><\/div> <\/div> <div  class=\"col-xs-12 col-sm-6 col-md-3\"> <div  class=\"card mdc-elevation--z3 small-padding no-border\"> <div  class=\"row middle-xs f-align\"> <div  class=\"col-xs-fit col-sm-fit col-md-fit\" data-fixed=\"true\"> <img  decoding=\"async\" class=\"round image\" src=\"https:\/\/systemidee.de\/wp-content\/uploads\/2016\/02\/cropped-cropped-cropped-si-logo-3.png\"><\/div> <div  class=\"col-xs-fit col-sm-fit col-md-fit info no-padding-left\" data-type=\"column\"><h6  class=\"no-margin-bottom font-700\">Dr. Dr. Tkotz<\/h6><p  class=\"font-300\">Mund-Kiefer Chirurg<\/p> <\/div> <\/div> <div  class=\"row space-bottom-small\"> <div  class=\"testimonial-body col-xs-12\" data-type=\"column\"> <p  class=\"\">Seit \u00fcber 10 Jahren, werden wir&nbsp; mit unserer Praxis betreut.\n<br >\nFirma System IDEE findet immer L\u00f6sungen, f\u00fcr unsere Probleme mit der EDV.<\/p><\/div> <\/div><\/div> <\/div> <\/div> <\/div><\/div><!-- \/wp:extendstudio\/materialis--><p ><!-- Enter your scripts here --><\/p>","protected":false},"excerpt":{"rendered":"<p>Unsere Dienstleistungen Eine Auswahl unsere T\u00e4tigkeitsfelder: Notdienst IT-Service Reparaturen EDV\u2013Rollout Datenschutzberatung Support IT-Sicherheit IT-Sicherheit Als mehrfach zertifizierte Datenschutzbeauftrage unterst\u00fctzen wir Sie bei:der Realisierung, der vom BSI empfohlenen Sicherheitsma\u00dfnahmen, die Anforderungen nach \u00a7 75B SGB V zur Gew\u00e4hrleistung der IT-Sicherheit,sowie die Umsetzung der DSGVO in Ihrem Unternehmen. Wir schulen auch Sie und Ihre Mitarbeiter:Innen. Wie steht&nbsp;&hellip;<\/p>\n","protected":false},"author":1,"featured_media":0,"parent":0,"menu_order":0,"comment_status":"closed","ping_status":"closed","template":"page-templates\/homepage.php","meta":{"footnotes":""},"class_list":["post-295","page","type-page","status-publish","hentry"],"_links":{"self":[{"href":"https:\/\/systemidee.de\/index.php?rest_route=\/wp\/v2\/pages\/295"}],"collection":[{"href":"https:\/\/systemidee.de\/index.php?rest_route=\/wp\/v2\/pages"}],"about":[{"href":"https:\/\/systemidee.de\/index.php?rest_route=\/wp\/v2\/types\/page"}],"author":[{"embeddable":true,"href":"https:\/\/systemidee.de\/index.php?rest_route=\/wp\/v2\/users\/1"}],"replies":[{"embeddable":true,"href":"https:\/\/systemidee.de\/index.php?rest_route=%2Fwp%2Fv2%2Fcomments&post=295"}],"version-history":[{"count":40,"href":"https:\/\/systemidee.de\/index.php?rest_route=\/wp\/v2\/pages\/295\/revisions"}],"predecessor-version":[{"id":432,"href":"https:\/\/systemidee.de\/index.php?rest_route=\/wp\/v2\/pages\/295\/revisions\/432"}],"wp:attachment":[{"href":"https:\/\/systemidee.de\/index.php?rest_route=%2Fwp%2Fv2%2Fmedia&parent=295"}],"curies":[{"name":"wp","href":"https:\/\/api.w.org\/{rel}","templated":true}]}}